{"id":101,"date":"2017-10-24T21:38:32","date_gmt":"2017-10-24T21:38:32","guid":{"rendered":"http:\/\/stiftungylenia.ch\/?page_id=101"},"modified":"2021-07-20T00:23:41","modified_gmt":"2021-07-19T22:23:41","slug":"marktstaende","status":"publish","type":"page","link":"http:\/\/stiftungylenia.ch\/?page_id=101","title":{"rendered":"Marktst\u00e4nde \/ Shop"},"content":{"rendered":"<h3><strong>Aufgrund der rasch wechselnden Covid Auflagen werden die Daten kurzfristig kommuniziert.<\/strong><\/h3>\n<p>\u00a0<\/p>\n<p>\u00a0<\/p>\n\n\n<p><\/p>\n\n\n\n<h2 class=\"wp-block-heading\"><strong>Shop<\/strong><\/h2>\n\n\n\n<p>Es besteht die M\u00f6glichkeit, selbst gebackene Weihnachtsguetzli in 300g S\u00e4ckli f\u00fcr Fr. 10.- zu bestellen. Sorten gemischt oder gem\u00e4ss Wunsch. Lieferung ab 1. Dezember oder sp\u00e4ter. Bestellungen werden per E-Mail und telefonisch entgegengenommen. <\/p>\n\n\n\n<p>Weitere Artikel die bestellt werden k\u00f6nnen sehen Sie hier.<\/p>\n\n\n\n<figure class=\"wp-block-gallery columns-3 is-cropped wp-block-gallery-1 is-layout-flex wp-block-gallery-is-layout-flex\"><ul class=\"blocks-gallery-grid\"><li class=\"blocks-gallery-item\"><figure><img loading=\"lazy\" decoding=\"async\" width=\"1024\" height=\"750\" src=\"http:\/\/stiftungylenia.ch\/wp-content\/uploads\/2020\/10\/product06-2-1024x750.jpg\" alt=\"\" data-id=\"561\" data-full-url=\"http:\/\/stiftungylenia.ch\/wp-content\/uploads\/2020\/10\/product06-2.jpg\" data-link=\"http:\/\/stiftungylenia.ch\/?attachment_id=561\" class=\"wp-image-561\" srcset=\"http:\/\/stiftungylenia.ch\/wp-content\/uploads\/2020\/10\/product06-2-1024x750.jpg 1024w, http:\/\/stiftungylenia.ch\/wp-content\/uploads\/2020\/10\/product06-2-300x220.jpg 300w, http:\/\/stiftungylenia.ch\/wp-content\/uploads\/2020\/10\/product06-2-768x563.jpg 768w, http:\/\/stiftungylenia.ch\/wp-content\/uploads\/2020\/10\/product06-2.jpg 2048w\" sizes=\"(max-width: 767px) 89vw, (max-width: 1000px) 54vw, (max-width: 1071px) 543px, 580px\" \/><figcaption class=\"blocks-gallery-item__caption\">Wollsocken Fr. 20.-<\/figcaption><\/figure><\/li><li class=\"blocks-gallery-item\"><figure><img loading=\"lazy\" decoding=\"async\" width=\"1024\" height=\"768\" src=\"http:\/\/stiftungylenia.ch\/wp-content\/uploads\/2020\/10\/product07-3-1024x768.jpg\" alt=\"\" data-id=\"574\" data-full-url=\"http:\/\/stiftungylenia.ch\/wp-content\/uploads\/2020\/10\/product07-3.jpg\" data-link=\"http:\/\/stiftungylenia.ch\/?attachment_id=574\" class=\"wp-image-574\" srcset=\"http:\/\/stiftungylenia.ch\/wp-content\/uploads\/2020\/10\/product07-3-1024x768.jpg 1024w, http:\/\/stiftungylenia.ch\/wp-content\/uploads\/2020\/10\/product07-3-300x225.jpg 300w, http:\/\/stiftungylenia.ch\/wp-content\/uploads\/2020\/10\/product07-3-768x576.jpg 768w, http:\/\/stiftungylenia.ch\/wp-content\/uploads\/2020\/10\/product07-3.jpg 2048w\" sizes=\"(max-width: 767px) 89vw, (max-width: 1000px) 54vw, (max-width: 1071px) 543px, 580px\" \/><figcaption class=\"blocks-gallery-item__caption\">Chriesisteins\u00e4ckli Fr. 19.-<\/figcaption><\/figure><\/li><li class=\"blocks-gallery-item\"><figure><img loading=\"lazy\" decoding=\"async\" width=\"1024\" height=\"752\" src=\"http:\/\/stiftungylenia.ch\/wp-content\/uploads\/2020\/10\/product01-7-1024x752.jpg\" alt=\"\" data-id=\"575\" data-full-url=\"http:\/\/stiftungylenia.ch\/wp-content\/uploads\/2020\/10\/product01-7.jpg\" data-link=\"http:\/\/stiftungylenia.ch\/?attachment_id=575\" class=\"wp-image-575\" srcset=\"http:\/\/stiftungylenia.ch\/wp-content\/uploads\/2020\/10\/product01-7-1024x752.jpg 1024w, http:\/\/stiftungylenia.ch\/wp-content\/uploads\/2020\/10\/product01-7-300x220.jpg 300w, http:\/\/stiftungylenia.ch\/wp-content\/uploads\/2020\/10\/product01-7-768x564.jpg 768w, http:\/\/stiftungylenia.ch\/wp-content\/uploads\/2020\/10\/product01-7.jpg 2048w\" sizes=\"(max-width: 767px) 89vw, (max-width: 1000px) 54vw, (max-width: 1071px) 543px, 580px\" \/><\/figure><\/li><li class=\"blocks-gallery-item\"><figure><img loading=\"lazy\" decoding=\"async\" width=\"1024\" height=\"481\" src=\"http:\/\/stiftungylenia.ch\/wp-content\/uploads\/2020\/10\/Product02-6-1024x481.jpg\" alt=\"\" data-id=\"576\" data-full-url=\"http:\/\/stiftungylenia.ch\/wp-content\/uploads\/2020\/10\/Product02-6.jpg\" data-link=\"http:\/\/stiftungylenia.ch\/?attachment_id=576\" class=\"wp-image-576\" srcset=\"http:\/\/stiftungylenia.ch\/wp-content\/uploads\/2020\/10\/Product02-6-1024x481.jpg 1024w, http:\/\/stiftungylenia.ch\/wp-content\/uploads\/2020\/10\/Product02-6-300x141.jpg 300w, http:\/\/stiftungylenia.ch\/wp-content\/uploads\/2020\/10\/Product02-6-768x361.jpg 768w, http:\/\/stiftungylenia.ch\/wp-content\/uploads\/2020\/10\/Product02-6.jpg 2048w\" sizes=\"(max-width: 767px) 89vw, (max-width: 1000px) 54vw, (max-width: 1071px) 543px, 580px\" \/><figcaption class=\"blocks-gallery-item__caption\">Fr. 45.-<\/figcaption><\/figure><\/li><li class=\"blocks-gallery-item\"><figure><img loading=\"lazy\" decoding=\"async\" width=\"1024\" height=\"429\" src=\"http:\/\/stiftungylenia.ch\/wp-content\/uploads\/2020\/10\/product03-4-1024x429.jpg\" alt=\"\" data-id=\"577\" data-full-url=\"http:\/\/stiftungylenia.ch\/wp-content\/uploads\/2020\/10\/product03-4.jpg\" data-link=\"http:\/\/stiftungylenia.ch\/?attachment_id=577\" class=\"wp-image-577\" srcset=\"http:\/\/stiftungylenia.ch\/wp-content\/uploads\/2020\/10\/product03-4-1024x429.jpg 1024w, http:\/\/stiftungylenia.ch\/wp-content\/uploads\/2020\/10\/product03-4-300x126.jpg 300w, http:\/\/stiftungylenia.ch\/wp-content\/uploads\/2020\/10\/product03-4-768x322.jpg 768w, http:\/\/stiftungylenia.ch\/wp-content\/uploads\/2020\/10\/product03-4.jpg 2048w\" sizes=\"(max-width: 767px) 89vw, (max-width: 1000px) 54vw, (max-width: 1071px) 543px, 580px\" \/><figcaption class=\"blocks-gallery-item__caption\">Fr. 40 bis 45.-<\/figcaption><\/figure><\/li><li class=\"blocks-gallery-item\"><figure><img loading=\"lazy\" decoding=\"async\" width=\"1024\" height=\"532\" src=\"http:\/\/stiftungylenia.ch\/wp-content\/uploads\/2020\/10\/product05-3-1024x532.jpg\" alt=\"\" data-id=\"578\" data-full-url=\"http:\/\/stiftungylenia.ch\/wp-content\/uploads\/2020\/10\/product05-3.jpg\" data-link=\"http:\/\/stiftungylenia.ch\/?attachment_id=578\" class=\"wp-image-578\" srcset=\"http:\/\/stiftungylenia.ch\/wp-content\/uploads\/2020\/10\/product05-3-1024x532.jpg 1024w, http:\/\/stiftungylenia.ch\/wp-content\/uploads\/2020\/10\/product05-3-300x156.jpg 300w, http:\/\/stiftungylenia.ch\/wp-content\/uploads\/2020\/10\/product05-3-768x399.jpg 768w, http:\/\/stiftungylenia.ch\/wp-content\/uploads\/2020\/10\/product05-3.jpg 2048w\" sizes=\"(max-width: 767px) 89vw, (max-width: 1000px) 54vw, (max-width: 1071px) 543px, 580px\" \/><figcaption class=\"blocks-gallery-item__caption\">Fr. 25 bis 29.-<\/figcaption><\/figure><\/li><li class=\"blocks-gallery-item\"><figure><img loading=\"lazy\" decoding=\"async\" width=\"1024\" height=\"857\" src=\"http:\/\/stiftungylenia.ch\/wp-content\/uploads\/2020\/10\/product04-4-1024x857.jpg\" alt=\"\" data-id=\"579\" data-full-url=\"http:\/\/stiftungylenia.ch\/wp-content\/uploads\/2020\/10\/product04-4.jpg\" data-link=\"http:\/\/stiftungylenia.ch\/?attachment_id=579\" class=\"wp-image-579\" srcset=\"http:\/\/stiftungylenia.ch\/wp-content\/uploads\/2020\/10\/product04-4-1024x857.jpg 1024w, http:\/\/stiftungylenia.ch\/wp-content\/uploads\/2020\/10\/product04-4-300x251.jpg 300w, http:\/\/stiftungylenia.ch\/wp-content\/uploads\/2020\/10\/product04-4-768x643.jpg 768w, http:\/\/stiftungylenia.ch\/wp-content\/uploads\/2020\/10\/product04-4.jpg 2029w\" sizes=\"(max-width: 767px) 89vw, (max-width: 1000px) 54vw, (max-width: 1071px) 543px, 580px\" \/><figcaption class=\"blocks-gallery-item__caption\">Fr. 13 bis  32.-<\/figcaption><\/figure><\/li><li class=\"blocks-gallery-item\"><figure><img loading=\"lazy\" decoding=\"async\" width=\"1024\" height=\"768\" src=\"http:\/\/stiftungylenia.ch\/wp-content\/uploads\/2020\/11\/Bild11-1024x768.jpg\" alt=\"\" data-id=\"620\" data-full-url=\"http:\/\/stiftungylenia.ch\/wp-content\/uploads\/2020\/11\/Bild11.jpg\" data-link=\"http:\/\/stiftungylenia.ch\/?attachment_id=620\" class=\"wp-image-620\" srcset=\"http:\/\/stiftungylenia.ch\/wp-content\/uploads\/2020\/11\/Bild11-1024x768.jpg 1024w, http:\/\/stiftungylenia.ch\/wp-content\/uploads\/2020\/11\/Bild11-300x225.jpg 300w, http:\/\/stiftungylenia.ch\/wp-content\/uploads\/2020\/11\/Bild11-768x576.jpg 768w, http:\/\/stiftungylenia.ch\/wp-content\/uploads\/2020\/11\/Bild11-1536x1152.jpg 1536w, http:\/\/stiftungylenia.ch\/wp-content\/uploads\/2020\/11\/Bild11.jpg 2048w\" sizes=\"(max-width: 767px) 89vw, (max-width: 1000px) 54vw, (max-width: 1071px) 543px, 580px\" \/><figcaption class=\"blocks-gallery-item__caption\">Roswitha Doerig<\/figcaption><\/figure><\/li><li class=\"blocks-gallery-item\"><figure><img loading=\"lazy\" decoding=\"async\" width=\"768\" height=\"1024\" src=\"http:\/\/stiftungylenia.ch\/wp-content\/uploads\/2020\/11\/Bild12-768x1024.jpg\" alt=\"\" data-id=\"618\" data-full-url=\"http:\/\/stiftungylenia.ch\/wp-content\/uploads\/2020\/11\/Bild12.jpg\" data-link=\"http:\/\/stiftungylenia.ch\/?attachment_id=618\" class=\"wp-image-618\" srcset=\"http:\/\/stiftungylenia.ch\/wp-content\/uploads\/2020\/11\/Bild12-768x1024.jpg 768w, http:\/\/stiftungylenia.ch\/wp-content\/uploads\/2020\/11\/Bild12-225x300.jpg 225w, http:\/\/stiftungylenia.ch\/wp-content\/uploads\/2020\/11\/Bild12-1152x1536.jpg 1152w, http:\/\/stiftungylenia.ch\/wp-content\/uploads\/2020\/11\/Bild12.jpg 1536w\" sizes=\"(max-width: 767px) 89vw, (max-width: 1000px) 54vw, (max-width: 1071px) 543px, 580px\" \/><figcaption class=\"blocks-gallery-item__caption\">Roswitha Doerig Fr. 50.-<\/figcaption><\/figure><\/li><li class=\"blocks-gallery-item\"><figure><img loading=\"lazy\" decoding=\"async\" width=\"768\" height=\"1024\" src=\"http:\/\/stiftungylenia.ch\/wp-content\/uploads\/2020\/11\/Bild13-768x1024.jpg\" alt=\"\" data-id=\"617\" data-full-url=\"http:\/\/stiftungylenia.ch\/wp-content\/uploads\/2020\/11\/Bild13.jpg\" data-link=\"http:\/\/stiftungylenia.ch\/?attachment_id=617\" class=\"wp-image-617\" srcset=\"http:\/\/stiftungylenia.ch\/wp-content\/uploads\/2020\/11\/Bild13-768x1024.jpg 768w, http:\/\/stiftungylenia.ch\/wp-content\/uploads\/2020\/11\/Bild13-225x300.jpg 225w, http:\/\/stiftungylenia.ch\/wp-content\/uploads\/2020\/11\/Bild13-1152x1536.jpg 1152w, http:\/\/stiftungylenia.ch\/wp-content\/uploads\/2020\/11\/Bild13.jpg 1536w\" sizes=\"(max-width: 767px) 89vw, (max-width: 1000px) 54vw, (max-width: 1071px) 543px, 580px\" \/><figcaption class=\"blocks-gallery-item__caption\">Karten Linocut von Roswitha Doerig Fr. 10.-<\/figcaption><\/figure><\/li><li class=\"blocks-gallery-item\"><figure><img loading=\"lazy\" decoding=\"async\" width=\"1024\" height=\"768\" src=\"http:\/\/stiftungylenia.ch\/wp-content\/uploads\/2020\/10\/product08-3-1024x768.jpg\" alt=\"\" data-id=\"580\" data-full-url=\"http:\/\/stiftungylenia.ch\/wp-content\/uploads\/2020\/10\/product08-3.jpg\" data-link=\"http:\/\/stiftungylenia.ch\/?attachment_id=580\" class=\"wp-image-580\" srcset=\"http:\/\/stiftungylenia.ch\/wp-content\/uploads\/2020\/10\/product08-3-1024x768.jpg 1024w, http:\/\/stiftungylenia.ch\/wp-content\/uploads\/2020\/10\/product08-3-300x225.jpg 300w, http:\/\/stiftungylenia.ch\/wp-content\/uploads\/2020\/10\/product08-3-768x576.jpg 768w, http:\/\/stiftungylenia.ch\/wp-content\/uploads\/2020\/10\/product08-3.jpg 2048w\" sizes=\"(max-width: 767px) 89vw, (max-width: 1000px) 54vw, (max-width: 1071px) 543px, 580px\" \/><figcaption class=\"blocks-gallery-item__caption\">Roswitha Doerig<\/figcaption><\/figure><\/li><\/ul><\/figure>\n\n\n\n<p><\/p>\n","protected":false},"excerpt":{"rendered":"<p>Aufgrund der rasch wechselnden Covid Auflagen werden die Daten kurzfristig kommuniziert. \u00a0 \u00a0 Shop Es besteht die M\u00f6glichkeit, selbst gebackene Weihnachtsguetzli in 300g S\u00e4ckli f\u00fcr Fr. 10.- zu bestellen. Sorten gemischt oder gem\u00e4ss Wunsch. Lieferung ab 1. Dezember oder sp\u00e4ter. Bestellungen werden per E-Mail und telefonisch entgegengenommen. Weitere Artikel die bestellt werden k\u00f6nnen sehen Sie &hellip; <\/p>\n<p class=\"link-more\"><a href=\"http:\/\/stiftungylenia.ch\/?page_id=101\" class=\"more-link\"><span class=\"screen-reader-text\">\u201eMarktst\u00e4nde \/ Shop\u201c<\/span> weiterlesen<\/a><\/p>\n","protected":false},"author":1,"featured_media":0,"parent":99,"menu_order":0,"comment_status":"closed","ping_status":"closed","template":"","meta":{"footnotes":""},"_links":{"self":[{"href":"http:\/\/stiftungylenia.ch\/index.php?rest_route=\/wp\/v2\/pages\/101"}],"collection":[{"href":"http:\/\/stiftungylenia.ch\/index.php?rest_route=\/wp\/v2\/pages"}],"about":[{"href":"http:\/\/stiftungylenia.ch\/index.php?rest_route=\/wp\/v2\/types\/page"}],"author":[{"embeddable":true,"href":"http:\/\/stiftungylenia.ch\/index.php?rest_route=\/wp\/v2\/users\/1"}],"replies":[{"embeddable":true,"href":"http:\/\/stiftungylenia.ch\/index.php?rest_route=%2Fwp%2Fv2%2Fcomments&post=101"}],"version-history":[{"count":50,"href":"http:\/\/stiftungylenia.ch\/index.php?rest_route=\/wp\/v2\/pages\/101\/revisions"}],"predecessor-version":[{"id":645,"href":"http:\/\/stiftungylenia.ch\/index.php?rest_route=\/wp\/v2\/pages\/101\/revisions\/645"}],"up":[{"embeddable":true,"href":"http:\/\/stiftungylenia.ch\/index.php?rest_route=\/wp\/v2\/pages\/99"}],"wp:attachment":[{"href":"http:\/\/stiftungylenia.ch\/index.php?rest_route=%2Fwp%2Fv2%2Fmedia&parent=101"}],"curies":[{"name":"wp","href":"https:\/\/api.w.org\/{rel}","templated":true}]}}