{"id":7,"date":"2017-10-22T21:36:38","date_gmt":"2017-10-22T21:36:38","guid":{"rendered":"http:\/\/stiftungylenia.ch\/?page_id=7"},"modified":"2018-11-04T21:46:29","modified_gmt":"2018-11-04T20:46:29","slug":"ueber-uns","status":"publish","type":"page","link":"https:\/\/stiftungylenia.ch\/?page_id=7","title":{"rendered":"\u00fcber uns"},"content":{"rendered":"<p>Im Andenken an Ylenia, die im Jahr 2007 als f\u00fcnfeinhalbj\u00e4hriges Kind in Appenzell entf\u00fchrt und umgebracht wurde, bezweckt die Stiftung die Unterst\u00fctzung von benachteiligten Kindern.<\/p>\n<p>Zwei Projekte sind in der Zwischenzeit realisiert worden. Unter anderem hat die Stiftung zwei Schulen in den Philippinen aufgebaut. Es konnten etwa 400 Kinder und deren Familien von den Projekten profitieren.<\/p>\n<p>Dank unseren treuen Spendern konnten wir im Juli 2018 ein weiteres Projekt in den Philippinen starten. In den n\u00e4chsten vier Jahren werden wir mit der Cabalitocan Elementary School in Luna zusammenarbeiten. Die Schule wird derzeit von 141 Kindern besucht.<\/p>\n<p>&nbsp;<\/p>\n<p>&nbsp;<\/p>\n","protected":false},"excerpt":{"rendered":"<p>Im Andenken an Ylenia, die im Jahr 2007 als f\u00fcnfeinhalbj\u00e4hriges Kind in Appenzell entf\u00fchrt und umgebracht wurde, bezweckt die Stiftung die Unterst\u00fctzung von benachteiligten Kindern. Zwei Projekte sind in der Zwischenzeit realisiert worden. Unter anderem hat die Stiftung zwei Schulen in den Philippinen aufgebaut. Es konnten etwa 400 Kinder und deren Familien von den Projekten &hellip; <\/p>\n<p class=\"link-more\"><a href=\"https:\/\/stiftungylenia.ch\/?page_id=7\" class=\"more-link\"><span class=\"screen-reader-text\">\u201e\u00fcber uns\u201c<\/span> weiterlesen<\/a><\/p>\n","protected":false},"author":1,"featured_media":0,"parent":4,"menu_order":0,"comment_status":"closed","ping_status":"closed","template":"","meta":{"footnotes":""},"_links":{"self":[{"href":"https:\/\/stiftungylenia.ch\/index.php?rest_route=\/wp\/v2\/pages\/7"}],"collection":[{"href":"https:\/\/stiftungylenia.ch\/index.php?rest_route=\/wp\/v2\/pages"}],"about":[{"href":"https:\/\/stiftungylenia.ch\/index.php?rest_route=\/wp\/v2\/types\/page"}],"author":[{"embeddable":true,"href":"https:\/\/stiftungylenia.ch\/index.php?rest_route=\/wp\/v2\/users\/1"}],"replies":[{"embeddable":true,"href":"https:\/\/stiftungylenia.ch\/index.php?rest_route=%2Fwp%2Fv2%2Fcomments&post=7"}],"version-history":[{"count":9,"href":"https:\/\/stiftungylenia.ch\/index.php?rest_route=\/wp\/v2\/pages\/7\/revisions"}],"predecessor-version":[{"id":181,"href":"https:\/\/stiftungylenia.ch\/index.php?rest_route=\/wp\/v2\/pages\/7\/revisions\/181"}],"up":[{"embeddable":true,"href":"https:\/\/stiftungylenia.ch\/index.php?rest_route=\/wp\/v2\/pages\/4"}],"wp:attachment":[{"href":"https:\/\/stiftungylenia.ch\/index.php?rest_route=%2Fwp%2Fv2%2Fmedia&parent=7"}],"curies":[{"name":"wp","href":"https:\/\/api.w.org\/{rel}","templated":true}]}}